{"id":229539,"date":"2025-09-16T09:46:35","date_gmt":"2025-09-16T07:46:35","guid":{"rendered":"https:\/\/lechoppeestbelle.fr\/?page_id=229539"},"modified":"2025-09-16T10:01:04","modified_gmt":"2025-09-16T08:01:04","slug":"lannexe-de-marguerite-de-domperel","status":"publish","type":"page","link":"https:\/\/lechoppeestbelle.fr\/en\/lannexe-de-marguerite-de-domperel\/","title":{"rendered":"L\u2019Annexe de Marguerite de Domperel"},"content":{"rendered":"<p>[et_pb_section fb_built=\u00a0\u00bb1&Prime; custom_padding_last_edited=\u00a0\u00bbon|phone\u00a0\u00bb admin_label=\u00a0\u00bbHeader\u00a0\u00bb _builder_version=\u00a0\u00bb4.24.3&Prime; _module_preset=\u00a0\u00bbdefault\u00a0\u00bb background_color=\u00a0\u00bbgcid-fc7afca1-7302-4e55-829d-3d445387c282&Prime; custom_margin_tablet=\u00a0\u00bb\u00a0\u00bb custom_margin_phone=\u00a0\u00bb\u00a0\u00bb custom_margin_last_edited=\u00a0\u00bbon|phone\u00a0\u00bb custom_padding_tablet=\u00a0\u00bb\u00a0\u00bb custom_padding_phone=\u00a0\u00bb80px||||false|false\u00a0\u00bb locked=\u00a0\u00bboff\u00a0\u00bb collapsed=\u00a0\u00bboff\u00a0\u00bb global_colors_info=\u00a0\u00bb{%22gcid-fc7afca1-7302-4e55-829d-3d445387c282%22:%91%22background_color%22%93}\u00a0\u00bb][et_pb_row _builder_version=\u00a0\u00bb4.23.2&Prime; _module_preset=\u00a0\u00bbdefault\u00a0\u00bb global_colors_info=\u00a0\u00bb{}\u00a0\u00bb][et_pb_column type=\u00a0\u00bb4_4&Prime; _builder_version=\u00a0\u00bb4.23.2&Prime; _module_preset=\u00a0\u00bbdefault\u00a0\u00bb global_colors_info=\u00a0\u00bb{}\u00a0\u00bb][et_pb_text _builder_version=\u00a0\u00bb4.27.4&Prime; _module_preset=\u00a0\u00bb90fd4482-a1f7-4e1e-bb7d-d1c6ff9a7018&Prime; header_font=\u00a0\u00bbEB Garamond||||||||\u00a0\u00bb header_text_color=\u00a0\u00bbgcid-3c3581c1-f373-4686-aa51-f9f01c8ffd79&Prime; hover_enabled=\u00a0\u00bb0&Prime; global_colors_info=\u00a0\u00bb{%22gcid-3c3581c1-f373-4686-aa51-f9f01c8ffd79%22:%91%22header_text_color%22%93}\u00a0\u00bb sticky_enabled=\u00a0\u00bb0&Prime;]<\/p>\n<h1>L\u2019Annexe de Marguerite de Domperel<\/h1>\n<p>[\/et_pb_text][\/et_pb_column][\/et_pb_row][et_pb_row column_structure=\u00a0\u00bb1_2,1_2&Prime; use_custom_gutter=\u00a0\u00bbon\u00a0\u00bb gutter_width=\u00a0\u00bb1&Prime; make_equal=\u00a0\u00bbon\u00a0\u00bb _builder_version=\u00a0\u00bb4.27.4&Prime; _module_preset=\u00a0\u00bbdefault\u00a0\u00bb locked=\u00a0\u00bboff\u00a0\u00bb global_colors_info=\u00a0\u00bb{}\u00a0\u00bb][et_pb_column type=\u00a0\u00bb1_2&Prime; _builder_version=\u00a0\u00bb4.27.4&Prime; _module_preset=\u00a0\u00bbdefault\u00a0\u00bb background_color=\u00a0\u00bbgcid-4b9eed5c-3d04-4887-bc15-8a2e9c2e3ea1&Prime; background_enable_image=\u00a0\u00bboff\u00a0\u00bb custom_css_main_element=\u00a0\u00bbheight:1010px;\u00a0\u00bb box_shadow_style=\u00a0\u00bbpreset7&Prime; box_shadow_horizontal=\u00a0\u00bb0px\u00a0\u00bb box_shadow_vertical=\u00a0\u00bb0px\u00a0\u00bb box_shadow_spread=\u00a0\u00bb60px\u00a0\u00bb box_shadow_color=\u00a0\u00bbgcid-4b9eed5c-3d04-4887-bc15-8a2e9c2e3ea1&Prime; box_shadow_spread_tablet=\u00a0\u00bb30px\u00a0\u00bb box_shadow_spread_phone=\u00a0\u00bb20px\u00a0\u00bb box_shadow_spread_last_edited=\u00a0\u00bbon|tablet\u00a0\u00bb global_colors_info=\u00a0\u00bb{%22gcid-4b9eed5c-3d04-4887-bc15-8a2e9c2e3ea1%22:%91%22background_color%22,%22box_shadow_color%22%93}\u00a0\u00bb][difl_imagecarousel variable_width=\u00a0\u00bbon\u00a0\u00bb item_height=\u00a0\u00bb1010px\u00a0\u00bb loop=\u00a0\u00bbon\u00a0\u00bb autoplay=\u00a0\u00bbon\u00a0\u00bb ic_equal_height=\u00a0\u00bbon\u00a0\u00bb ic_full_width=\u00a0\u00bbon\u00a0\u00bb item_height_tablet=\u00a0\u00bb724px\u00a0\u00bb item_height_phone=\u00a0\u00bb267px\u00a0\u00bb item_height_last_edited=\u00a0\u00bbon|phone\u00a0\u00bb _builder_version=\u00a0\u00bb4.27.4&Prime; _module_preset=\u00a0\u00bbdefault\u00a0\u00bb locked=\u00a0\u00bboff\u00a0\u00bb global_colors_info=\u00a0\u00bb{}\u00a0\u00bb][difl_imagecarouselitem image=\u00a0\u00bbhttps:\/\/lechoppeestbelle.fr\/wp-content\/uploads\/2024\/04\/454075-27_IMG_E7733_826250f177744279385fc672f0078792.jpg\u00a0\u00bb ic_button_button_url_new_window=\u00a0\u00bb1&Prime; _builder_version=\u00a0\u00bb4.27.4&Prime; _module_preset=\u00a0\u00bbdefault\u00a0\u00bb global_colors_info=\u00a0\u00bb{}\u00a0\u00bb][\/difl_imagecarouselitem][difl_imagecarouselitem image=\u00a0\u00bbhttps:\/\/lechoppeestbelle.fr\/wp-content\/uploads\/2025\/09\/ANNEXE-MARGUERITE-DE-DOMPREL-6-scaled.jpg\u00a0\u00bb ic_button_button_url_new_window=\u00a0\u00bb1&Prime; _builder_version=\u00a0\u00bb4.27.4&Prime; _module_preset=\u00a0\u00bbdefault\u00a0\u00bb global_colors_info=\u00a0\u00bb{}\u00a0\u00bb][\/difl_imagecarouselitem][difl_imagecarouselitem image=\u00a0\u00bbhttps:\/\/lechoppeestbelle.fr\/wp-content\/uploads\/2025\/09\/ANNEXE-MARGUERITE-DE-DOMPREL-9-scaled.jpg\u00a0\u00bb ic_button_button_url_new_window=\u00a0\u00bb1&Prime; _builder_version=\u00a0\u00bb4.27.4&Prime; _module_preset=\u00a0\u00bbdefault\u00a0\u00bb global_colors_info=\u00a0\u00bb{}\u00a0\u00bb][\/difl_imagecarouselitem][difl_imagecarouselitem image=\u00a0\u00bbhttps:\/\/lechoppeestbelle.fr\/wp-content\/uploads\/2025\/09\/ANNEXE-MARGUERITE-DE-DOMPREL-7-scaled.jpg\u00a0\u00bb ic_button_button_url_new_window=\u00a0\u00bb1&Prime; _builder_version=\u00a0\u00bb4.27.4&Prime; _module_preset=\u00a0\u00bbdefault\u00a0\u00bb global_colors_info=\u00a0\u00bb{}\u00a0\u00bb][\/difl_imagecarouselitem][difl_imagecarouselitem image=\u00a0\u00bbhttps:\/\/lechoppeestbelle.fr\/wp-content\/uploads\/2025\/09\/ANNEXE-MARGUERITE-DE-DOMPREL-11-scaled.jpg\u00a0\u00bb ic_button_button_url_new_window=\u00a0\u00bb1&Prime; _builder_version=\u00a0\u00bb4.27.4&Prime; _module_preset=\u00a0\u00bbdefault\u00a0\u00bb global_colors_info=\u00a0\u00bb{}\u00a0\u00bb][\/difl_imagecarouselitem][difl_imagecarouselitem image=\u00a0\u00bbhttps:\/\/lechoppeestbelle.fr\/wp-content\/uploads\/2024\/04\/IMG_6571-scaled-qjk836uyds6gam8hjdppz87ar32wsjq7d0eolsj3g0.jpg\u00a0\u00bb ic_button_button_url_new_window=\u00a0\u00bb1&Prime; _builder_version=\u00a0\u00bb4.27.4&Prime; _module_preset=\u00a0\u00bbdefault\u00a0\u00bb global_colors_info=\u00a0\u00bb{}\u00a0\u00bb][\/difl_imagecarouselitem][difl_imagecarouselitem image=\u00a0\u00bbhttps:\/\/lechoppeestbelle.fr\/wp-content\/uploads\/2025\/09\/ANNEXE-MARGUERITE-DE-DOMPREL-8-scaled.jpg\u00a0\u00bb ic_button_button_url_new_window=\u00a0\u00bb1&Prime; _builder_version=\u00a0\u00bb4.27.4&Prime; _module_preset=\u00a0\u00bbdefault\u00a0\u00bb global_colors_info=\u00a0\u00bb{}\u00a0\u00bb][\/difl_imagecarouselitem][\/difl_imagecarousel][\/et_pb_column][et_pb_column type=\u00a0\u00bb1_2&Prime; _builder_version=\u00a0\u00bb4.27.4&Prime; _module_preset=\u00a0\u00bbdefault\u00a0\u00bb background_color=\u00a0\u00bb#F9B333&Prime; background_enable_image=\u00a0\u00bboff\u00a0\u00bb background_size=\u00a0\u00bbcontain\u00a0\u00bb background_position=\u00a0\u00bbtop_right\u00a0\u00bb custom_padding=\u00a0\u00bb8vw|6vw|8vw|6vw|true|true\u00a0\u00bb custom_padding_tablet=\u00a0\u00bb||||false|false\u00a0\u00bb custom_padding_phone=\u00a0\u00bb||||false|false\u00a0\u00bb custom_padding_last_edited=\u00a0\u00bboff|desktop\u00a0\u00bb custom_css_main_element=\u00a0\u00bbheight:1010px;\u00a0\u00bb global_colors_info=\u00a0\u00bb{}\u00a0\u00bb][et_pb_text _builder_version=\u00a0\u00bb4.27.4&Prime; _module_preset=\u00a0\u00bb5bae7998-9539-4c5d-9bb0-50666e08734c\u00a0\u00bb text_font=\u00a0\u00bb||||||||\u00a0\u00bb text_text_color=\u00a0\u00bb#FFFFFF\u00a0\u00bb custom_margin=\u00a0\u00bb25px||||false|false\u00a0\u00bb hover_enabled=\u00a0\u00bb0&Prime; global_colors_info=\u00a0\u00bb{}\u00a0\u00bb sticky_enabled=\u00a0\u00bb0&Prime;]<\/p>\n<p>Nich\u00e9e au 1er \u00e9tage, l\u2019Annexe de Marguerite de Domperel offre une vue spectaculaire sur le ch\u00e2teau : un v\u00e9ritable \u00e9crin de charme pour un s\u00e9jour inoubliable.<\/p>\n<p>Cette chambre est compos\u00e9e :<\/p>\n<ul>\n<li>d\u2019un lit Queen size (160&#215;200)<\/li>\n<li>d\u2019une penderie<\/li>\n<li>d\u2019une TV \u00e0 \u00e9cran plat<\/li>\n<li>d\u2019un plateau de courtoisie (Nespresso, th\u00e9s, infusions et douceurs)<\/li>\n<li>d\u2019une connexion WIFI<\/li>\n<li>d\u2019une salle de bains, meuble vasque, s\u00e8che-cheveux et s\u00e8che-serviette<\/li>\n<li>de WC s\u00e9par\u00e9s au rez-de-chauss\u00e9e<\/li>\n<\/ul>\n<p>Le linge de lit, les serviettes et les produits d\u2019accueil sont mis \u00e0 disposition gratuitement.<\/p>\n<p>[\/et_pb_text][et_pb_button button_url=\u00a0\u00bbhttps:\/\/www.gites-de-france.com\/fr\/bourgogne-franche-comte\/cote-dor\/lechoppe-est-belle-h21h030030?from=2025-03-01&#038;to=2025-03-02&#038;on_demand=0#rooms\u00a0\u00bb url_new_window=\u00a0\u00bbon\u00a0\u00bb button_text=\u00a0\u00bbR\u00c9SERVER\u00a0\u00bb button_alignment=\u00a0\u00bbleft\u00a0\u00bb disabled_on=\u00a0\u00bboff|off|off\u00a0\u00bb _builder_version=\u00a0\u00bb4.27.4&Prime; _module_preset=\u00a0\u00bb57234954-dff1-4ea1-bc0a-de2421d19595&Prime; button_text_color=\u00a0\u00bb#F9B333&Prime; button_bg_color=\u00a0\u00bb#FFFFFF\u00a0\u00bb button_border_color=\u00a0\u00bb#FFFFFF\u00a0\u00bb button_font=\u00a0\u00bbEB Garamond|600|||||||\u00a0\u00bb button_icon=\u00a0\u00bb&#x24;||divi||400&Prime; custom_margin=\u00a0\u00bb25px||||false|false\u00a0\u00bb custom_padding=\u00a0\u00bb12px|32px|12px|32px|true|true\u00a0\u00bb locked=\u00a0\u00bboff\u00a0\u00bb global_colors_info=\u00a0\u00bb{}\u00a0\u00bb][\/et_pb_button][\/et_pb_column][\/et_pb_row][et_pb_row use_custom_gutter=\u00a0\u00bbon\u00a0\u00bb gutter_width=\u00a0\u00bb1&Prime; make_equal=\u00a0\u00bbon\u00a0\u00bb _builder_version=\u00a0\u00bb4.27.4&Prime; _module_preset=\u00a0\u00bbdefault\u00a0\u00bb global_colors_info=\u00a0\u00bb{}\u00a0\u00bb][et_pb_column type=\u00a0\u00bb4_4&Prime; _builder_version=\u00a0\u00bb4.27.4&Prime; _module_preset=\u00a0\u00bbdefault\u00a0\u00bb background_color=\u00a0\u00bb#F9B333&Prime; custom_padding=\u00a0\u00bb110px|60px|110px|60px|true|true\u00a0\u00bb custom_padding_tablet=\u00a0\u00bb10%|10%|10%|10%|true|true\u00a0\u00bb custom_padding_phone=\u00a0\u00bb||||true|true\u00a0\u00bb custom_padding_last_edited=\u00a0\u00bbon|desktop\u00a0\u00bb global_colors_info=\u00a0\u00bb{%22gcid-4b9eed5c-3d04-4887-bc15-8a2e9c2e3ea1%22:%91%22background_color%22%93}\u00a0\u00bb][et_pb_text _builder_version=\u00a0\u00bb4.27.4&Prime; _module_preset=\u00a0\u00bbae24cbfc-a312-4975-bf1e-f83c8946993d\u00a0\u00bb header_3_font=\u00a0\u00bbEB Garamond||||||||\u00a0\u00bb header_3_text_color=\u00a0\u00bb#FFFFFF\u00a0\u00bb text_orientation=\u00a0\u00bbcenter\u00a0\u00bb custom_margin=\u00a0\u00bb||10px||false|false\u00a0\u00bb global_colors_info=\u00a0\u00bb{}\u00a0\u00bb]<\/p>\n<h3>R\u00e9servation \u00e0 partir de la nuit\u00e9e<\/h3>\n<p>[\/et_pb_text][et_pb_text _builder_version=\u00a0\u00bb4.27.4&Prime; _module_preset=\u00a0\u00bbf7b1a4bd-ce79-44a0-ba32-bf222dd207e8&Prime; text_text_color=\u00a0\u00bb#FFFFFF\u00a0\u00bb header_4_font=\u00a0\u00bbEB Garamond||||||||\u00a0\u00bb text_orientation=\u00a0\u00bbcenter\u00a0\u00bb custom_margin=\u00a0\u00bb||10px||false|false\u00a0\u00bb locked=\u00a0\u00bboff\u00a0\u00bb]<\/p>\n<p>Pour 2 personnes, petit-d\u00e9jeuner compris<br \/><strong>A partir de 110 \u20ac TTC \/ nuit<\/strong><\/p>\n<p>[\/et_pb_text][et_pb_text ul_position=\u00a0\u00bbinside\u00a0\u00bb _builder_version=\u00a0\u00bb4.27.4&Prime; _module_preset=\u00a0\u00bbf7b1a4bd-ce79-44a0-ba32-bf222dd207e8&Prime; text_font=\u00a0\u00bb||||||||\u00a0\u00bb text_text_color=\u00a0\u00bb#FFFFFF\u00a0\u00bb text_orientation=\u00a0\u00bbcenter\u00a0\u00bb custom_margin=\u00a0\u00bb||30px||false|false\u00a0\u00bb]<\/p>\n<p>Linge de lit, linge de bains, WIFI et m\u00e9nage inclus.<\/p>\n<p>[\/et_pb_text][et_pb_button button_url=\u00a0\u00bbhttps:\/\/www.gites-de-france.com\/fr\/bourgogne-franche-comte\/cote-dor\/lechoppe-est-belle-h21h030030?from=2025-03-01&#038;to=2025-03-02&#038;on_demand=0#rooms\u00a0\u00bb url_new_window=\u00a0\u00bbon\u00a0\u00bb button_text=\u00a0\u00bbR\u00c9SERVER\u00a0\u00bb button_alignment=\u00a0\u00bbcenter\u00a0\u00bb disabled_on=\u00a0\u00bboff|off|off\u00a0\u00bb _builder_version=\u00a0\u00bb4.27.4&Prime; _module_preset=\u00a0\u00bb57234954-dff1-4ea1-bc0a-de2421d19595&Prime; button_bg_color=\u00a0\u00bb#FFFFFF\u00a0\u00bb button_border_color=\u00a0\u00bb#FFFFFF\u00a0\u00bb button_font=\u00a0\u00bbEB Garamond|600|||||||\u00a0\u00bb button_icon=\u00a0\u00bb&#x24;||divi||400&Prime; custom_margin=\u00a0\u00bb25px||||false|false\u00a0\u00bb custom_padding=\u00a0\u00bb12px|32px|12px|32px|true|true\u00a0\u00bb locked=\u00a0\u00bboff\u00a0\u00bb global_colors_info=\u00a0\u00bb{}\u00a0\u00bb][\/et_pb_button][\/et_pb_column][\/et_pb_row][\/et_pb_section]<\/p>\n","protected":false},"excerpt":{"rendered":"<p>L\u2019Annexe de Marguerite de Domperel<div class=\"et_pb_module difl_imagecarousel difl_imagecarousel_0\">\n\t\t\t\t\n\t\t\t\t\n\t\t\t\t\n\t\t\t\t\n\t\t\t\t\n\t\t\t\t\n\t\t\t\t<div class=\"et_pb_module_inner\">\n\t\t\t\t\t<div class=\"df_ic_container variable-width\" data-settings='{\"effect\":\"slide\",\"desktop\":\"4\",\"tablet\":\"3\",\"mobile\":\"1\",\"variable_width\":\"on\",\"loop\":true,\"item_spacing\":\"30px\",\"item_spacing_tablet\":\"\",\"item_spacing_phone\":\"\",\"arrow\":\"off\",\"dots\":\"off\",\"autoplay\":\"on\",\"auto_delay\":\"2000\",\"speed\":\"500\",\"pause_hover\":\"off\",\"centeredSlides\":\"off\",\"order\":\"0\",\"use_lightbox\":\"off\",\"use_lightbox_caption\":\"off\"}' data-item=\"4\" data-itemtablet=\"3\" data-itemphone=\"1\">\r\n                <div class=\"df_ic_inner_wrapper\">\r\n                    <div class=\"swiper-container\">\r\n                        <div class=\"swiper-wrapper\">\r\n                            <div class=\"et_pb_module difl_imagecarouselitem difl_imagecarouselitem_0 swiper-slide\">\n\t\t\t\t\n\t\t\t\t\n\t\t\t\t\n\t\t\t\t\n\t\t\t\t\n\t\t\t\t\n\t\t\t\t<div class=\"et_pb_module_inner\">\n\t\t\t\t\t<div class=\"df_ici_container\" data-src=\"https:\/\/lechoppeestbelle.fr\/wp-content\/uploads\/2024\/04\/454075-27_IMG_E7733_826250f177744279385fc672f0078792.jpg\" >\r\n                <div class=\"ic_image_wrapper\"><img decoding=\"async\" class=\"df-ic-image\" src=\"https:\/\/lechoppeestbelle.fr\/wp-content\/uploads\/2024\/04\/454075-27_IMG_E7733_826250f177744279385fc672f0078792.jpg\" alt=\"\" \/><\/div><div class=\"overlay_wrapper\"><\/div>\r\n            <\/div>\n\t\t\t\t<\/div>\n\t\t\t<\/div><div class=\"et_pb_module difl_imagecarouselitem difl_imagecarouselitem_1 swiper-slide\">\n\t\t\t\t\n\t\t\t\t\n\t\t\t\t\n\t\t\t\t\n\t\t\t\t\n\t\t\t\t\n\t\t\t\t<div class=\"et_pb_module_inner\">\n\t\t\t\t\t<div class=\"df_ici_container\" data-src=\"https:\/\/lechoppeestbelle.fr\/wp-content\/uploads\/2025\/09\/ANNEXE-MARGUERITE-DE-DOMPREL-6-scaled.jpg\" >\r\n                <div class=\"ic_image_wrapper\"><img decoding=\"async\" class=\"df-ic-image\" src=\"https:\/\/lechoppeestbelle.fr\/wp-content\/uploads\/2025\/09\/ANNEXE-MARGUERITE-DE-DOMPREL-6-scaled.jpg\" alt=\"\" \/><\/div><div class=\"overlay_wrapper\"><\/div>\r\n            <\/div>\n\t\t\t\t<\/div>\n\t\t\t<\/div><div class=\"et_pb_module difl_imagecarouselitem difl_imagecarouselitem_2 swiper-slide\">\n\t\t\t\t\n\t\t\t\t\n\t\t\t\t\n\t\t\t\t\n\t\t\t\t\n\t\t\t\t\n\t\t\t\t<div class=\"et_pb_module_inner\">\n\t\t\t\t\t<div class=\"df_ici_container\" data-src=\"https:\/\/lechoppeestbelle.fr\/wp-content\/uploads\/2025\/09\/ANNEXE-MARGUERITE-DE-DOMPREL-9-scaled.jpg\" >\r\n                <div class=\"ic_image_wrapper\"><img decoding=\"async\" class=\"df-ic-image\" src=\"https:\/\/lechoppeestbelle.fr\/wp-content\/uploads\/2025\/09\/ANNEXE-MARGUERITE-DE-DOMPREL-9-scaled.jpg\" alt=\"\" \/><\/div><div class=\"overlay_wrapper\"><\/div>\r\n            <\/div>\n\t\t\t\t<\/div>\n\t\t\t<\/div><div class=\"et_pb_module difl_imagecarouselitem difl_imagecarouselitem_3 swiper-slide\">\n\t\t\t\t\n\t\t\t\t\n\t\t\t\t\n\t\t\t\t\n\t\t\t\t\n\t\t\t\t\n\t\t\t\t<div class=\"et_pb_module_inner\">\n\t\t\t\t\t<div class=\"df_ici_container\" data-src=\"https:\/\/lechoppeestbelle.fr\/wp-content\/uploads\/2025\/09\/ANNEXE-MARGUERITE-DE-DOMPREL-7-scaled.jpg\" >\r\n                <div class=\"ic_image_wrapper\"><img decoding=\"async\" class=\"df-ic-image\" src=\"https:\/\/lechoppeestbelle.fr\/wp-content\/uploads\/2025\/09\/ANNEXE-MARGUERITE-DE-DOMPREL-7-scaled.jpg\" alt=\"\" \/><\/div><div class=\"overlay_wrapper\"><\/div>\r\n            <\/div>\n\t\t\t\t<\/div>\n\t\t\t<\/div><div class=\"et_pb_module difl_imagecarouselitem difl_imagecarouselitem_4 swiper-slide\">\n\t\t\t\t\n\t\t\t\t\n\t\t\t\t\n\t\t\t\t\n\t\t\t\t\n\t\t\t\t\n\t\t\t\t<div class=\"et_pb_module_inner\">\n\t\t\t\t\t<div class=\"df_ici_container\" data-src=\"https:\/\/lechoppeestbelle.fr\/wp-content\/uploads\/2025\/09\/ANNEXE-MARGUERITE-DE-DOMPREL-11-scaled.jpg\" >\r\n                <div class=\"ic_image_wrapper\"><img decoding=\"async\" class=\"df-ic-image\" src=\"https:\/\/lechoppeestbelle.fr\/wp-content\/uploads\/2025\/09\/ANNEXE-MARGUERITE-DE-DOMPREL-11-scaled.jpg\" alt=\"\" \/><\/div><div class=\"overlay_wrapper\"><\/div>\r\n            <\/div>\n\t\t\t\t<\/div>\n\t\t\t<\/div><div class=\"et_pb_module difl_imagecarouselitem difl_imagecarouselitem_5 swiper-slide\">\n\t\t\t\t\n\t\t\t\t\n\t\t\t\t\n\t\t\t\t\n\t\t\t\t\n\t\t\t\t\n\t\t\t\t<div class=\"et_pb_module_inner\">\n\t\t\t\t\t<div class=\"df_ici_container\" data-src=\"https:\/\/lechoppeestbelle.fr\/wp-content\/uploads\/2024\/04\/IMG_6571-scaled-qjk836uyds6gam8hjdppz87ar32wsjq7d0eolsj3g0.jpg\" >\r\n                <div class=\"ic_image_wrapper\"><img decoding=\"async\" class=\"df-ic-image\" src=\"https:\/\/lechoppeestbelle.fr\/wp-content\/uploads\/2024\/04\/IMG_6571-scaled-qjk836uyds6gam8hjdppz87ar32wsjq7d0eolsj3g0.jpg\" alt=\"\" \/><\/div><div class=\"overlay_wrapper\"><\/div>\r\n            <\/div>\n\t\t\t\t<\/div>\n\t\t\t<\/div><div class=\"et_pb_module difl_imagecarouselitem difl_imagecarouselitem_6 swiper-slide\">\n\t\t\t\t\n\t\t\t\t\n\t\t\t\t\n\t\t\t\t\n\t\t\t\t\n\t\t\t\t\n\t\t\t\t<div class=\"et_pb_module_inner\">\n\t\t\t\t\t<div class=\"df_ici_container\" data-src=\"https:\/\/lechoppeestbelle.fr\/wp-content\/uploads\/2025\/09\/ANNEXE-MARGUERITE-DE-DOMPREL-8-scaled.jpg\" >\r\n                <div class=\"ic_image_wrapper\"><img decoding=\"async\" class=\"df-ic-image\" src=\"https:\/\/lechoppeestbelle.fr\/wp-content\/uploads\/2025\/09\/ANNEXE-MARGUERITE-DE-DOMPREL-8-scaled.jpg\" alt=\"\" \/><\/div><div class=\"overlay_wrapper\"><\/div>\r\n            <\/div>\n\t\t\t\t<\/div>\n\t\t\t<\/div>\r\n                        <\/div>\r\n                    <\/div>\r\n                    \r\n                <\/div>\r\n                \r\n            <\/div>\n\t\t\t\t<\/div>\n\t\t\t<\/div>Nich\u00e9e au 1er [&hellip;]<\/p>\n","protected":false},"author":3,"featured_media":0,"parent":0,"menu_order":0,"comment_status":"closed","ping_status":"closed","template":"","meta":{"_et_pb_use_builder":"on","_et_pb_old_content":"<!-- wp:paragraph -->\n<p>This is an example page. It's different from a blog post because it will stay in one place and will show up in your site navigation (in most themes). Most people start with an About page that introduces them to potential site visitors. It might say something like this:<\/p>\n<!-- \/wp:paragraph -->\n\n<!-- wp:quote -->\n<blockquote class=\"wp-block-quote\"><p>Hi there! I'm a bike messenger by day, aspiring actor by night, and this is my website. I live in Los Angeles, have a great dog named Jack, and I like pi&#241;a coladas. (And gettin' caught in the rain.)<\/p><\/blockquote>\n<!-- \/wp:quote -->\n\n<!-- wp:paragraph -->\n<p>...or something like this:<\/p>\n<!-- \/wp:paragraph -->\n\n<!-- wp:quote -->\n<blockquote class=\"wp-block-quote\"><p>The XYZ Doohickey Company was founded in 1971, and has been providing quality doohickeys to the public ever since. Located in Gotham City, XYZ employs over 2,000 people and does all kinds of awesome things for the Gotham community.<\/p><\/blockquote>\n<!-- \/wp:quote -->\n\n<!-- wp:paragraph -->\n<p>As a new WordPress user, you should go to <a href=\"https:\/\/lechoppeestbelle.dlcomm.fr\/wp-admin\/\">your dashboard<\/a> to delete this page and create new pages for your content. Have fun!<\/p>\n<!-- \/wp:paragraph -->","_et_gb_content_width":"","footnotes":""},"class_list":["post-229539","page","type-page","status-publish","hentry"],"_links":{"self":[{"href":"https:\/\/lechoppeestbelle.fr\/en\/wp-json\/wp\/v2\/pages\/229539","targetHints":{"allow":["GET"]}}],"collection":[{"href":"https:\/\/lechoppeestbelle.fr\/en\/wp-json\/wp\/v2\/pages"}],"about":[{"href":"https:\/\/lechoppeestbelle.fr\/en\/wp-json\/wp\/v2\/types\/page"}],"author":[{"embeddable":true,"href":"https:\/\/lechoppeestbelle.fr\/en\/wp-json\/wp\/v2\/users\/3"}],"replies":[{"embeddable":true,"href":"https:\/\/lechoppeestbelle.fr\/en\/wp-json\/wp\/v2\/comments?post=229539"}],"version-history":[{"count":0,"href":"https:\/\/lechoppeestbelle.fr\/en\/wp-json\/wp\/v2\/pages\/229539\/revisions"}],"wp:attachment":[{"href":"https:\/\/lechoppeestbelle.fr\/en\/wp-json\/wp\/v2\/media?parent=229539"}],"curies":[{"name":"wp","href":"https:\/\/api.w.org\/{rel}","templated":true}]}}