{"id":229280,"date":"2024-05-21T14:44:07","date_gmt":"2024-05-21T12:44:07","guid":{"rendered":"https:\/\/lechoppeestbelle.fr\/?page_id=229280"},"modified":"2024-05-21T14:44:50","modified_gmt":"2024-05-21T12:44:50","slug":"mentions-legales","status":"publish","type":"page","link":"https:\/\/lechoppeestbelle.fr\/en\/mentions-legales\/","title":{"rendered":"Terms of use"},"content":{"rendered":"<p>[et_pb_section fb_built=\u00a0\u00bb1&Prime; admin_label=\u00a0\u00bbHeader &#038; Contact Form\u00a0\u00bb _builder_version=\u00a0\u00bb4.24.3&Prime; _module_preset=\u00a0\u00bbdefault\u00a0\u00bb background_color=\u00a0\u00bbgcid-fc7afca1-7302-4e55-829d-3d445387c282&Prime; custom_padding=\u00a0\u00bb||||false|false\u00a0\u00bb locked=\u00a0\u00bboff\u00a0\u00bb collapsed=\u00a0\u00bbon\u00a0\u00bb global_colors_info=\u00a0\u00bb{%22gcid-fc7afca1-7302-4e55-829d-3d445387c282%22:%91%22background_color%22%93}\u00a0\u00bb theme_builder_area=\u00a0\u00bbpost_content\u00a0\u00bb][et_pb_row _builder_version=\u00a0\u00bb4.23.2&Prime; _module_preset=\u00a0\u00bbdefault\u00a0\u00bb max_width=\u00a0\u00bb800px\u00a0\u00bb global_colors_info=\u00a0\u00bb{}\u00a0\u00bb theme_builder_area=\u00a0\u00bbpost_content\u00a0\u00bb][et_pb_column type=\u00a0\u00bb4_4&Prime; _builder_version=\u00a0\u00bb4.23.2&Prime; _module_preset=\u00a0\u00bbdefault\u00a0\u00bb global_colors_info=\u00a0\u00bb{}\u00a0\u00bb theme_builder_area=\u00a0\u00bbpost_content\u00a0\u00bb][et_pb_text _builder_version=\u00a0\u00bb4.24.3&Prime; _module_preset=\u00a0\u00bb1282f523-9af3-4f74-9445-8153b3cc2e94&Prime; header_font=\u00a0\u00bbEB Garamond||||||||\u00a0\u00bb header_text_color=\u00a0\u00bbgcid-3c3581c1-f373-4686-aa51-f9f01c8ffd79&Prime; text_orientation=\u00a0\u00bbcenter\u00a0\u00bb custom_margin=\u00a0\u00bb||10px||false|false\u00a0\u00bb global_colors_info=\u00a0\u00bb{%22gcid-3c3581c1-f373-4686-aa51-f9f01c8ffd79%22:%91%22header_text_color%22%93}\u00a0\u00bb theme_builder_area=\u00a0\u00bbpost_content\u00a0\u00bb]<\/p>\n<h1>Mentions l\u00e9gales<\/h1>\n<p>[\/et_pb_text][\/et_pb_column][\/et_pb_row][et_pb_row _builder_version=\u00a0\u00bb4.23.2&Prime; _module_preset=\u00a0\u00bbdefault\u00a0\u00bb global_colors_info=\u00a0\u00bb{}\u00a0\u00bb theme_builder_area=\u00a0\u00bbpost_content\u00a0\u00bb][et_pb_column type=\u00a0\u00bb4_4&Prime; _builder_version=\u00a0\u00bb4.23.2&Prime; _module_preset=\u00a0\u00bbdefault\u00a0\u00bb global_colors_info=\u00a0\u00bb{}\u00a0\u00bb theme_builder_area=\u00a0\u00bbpost_content\u00a0\u00bb][et_pb_text _builder_version=\u00a0\u00bb4.24.3&Prime; _module_preset=\u00a0\u00bb2dc98e49-cf50-4891-8f29-50338587cb0c\u00a0\u00bb text_font=\u00a0\u00bb||||||||\u00a0\u00bb text_text_color=\u00a0\u00bbgcid-75f8feef-8e89-48de-a593-3e169dc48f01&Prime; hover_enabled=\u00a0\u00bb0&Prime; locked=\u00a0\u00bboff\u00a0\u00bb global_colors_info=\u00a0\u00bb{%22gcid-75f8feef-8e89-48de-a593-3e169dc48f01%22:%91%22text_text_color%22%93}\u00a0\u00bb theme_builder_area=\u00a0\u00bbpost_content\u00a0\u00bb link_text_color=\u00a0\u00bb#F9B333&Prime; link_text_color__hover_enabled=\u00a0\u00bbon|hover\u00a0\u00bb sticky_enabled=\u00a0\u00bb0&Prime; link_text_color__hover=\u00a0\u00bb#F9B333&Prime;]<\/p>\n<h2><span id=\"lwptoc20\">1 &#8211; \u00c9dition du site<\/span><\/h2>\n<p>En vertu de<span>\u00a0<\/span><a href=\"https:\/\/www.legifrance.gouv.fr\/affichTexte.do?cidTexte=JORFTEXT000000801164#LEGIARTI000042038977\" target=\"_blank\" rel=\"noreferrer noopener\">l&rsquo;article 6 de la loi n\u00b0 2004-575 du 21 juin 2004<\/a><span>\u00a0<\/span>pour la confiance dans l&rsquo;\u00e9conomie num\u00e9rique, il est pr\u00e9cis\u00e9 aux utilisateurs du site internet<span>\u00a0<\/span><strong><span class=\"ff_dynamic_value\" data-ref=\"url\" data-fallback=\"\">https:\/\/lechoppeestbelle.fr\/<\/span><\/strong><span>\u00a0<\/span>l&rsquo;identit\u00e9 des diff\u00e9rents intervenants dans le cadre de sa r\u00e9alisation et de son suivi:<\/p>\n<p><strong>Propri\u00e9taire du site :<span>\u00a0<\/span><\/strong><span class=\"ff_dynamic_value\" data-ref=\"nom_proprietaire\" data-fallback=\"\">L&rsquo;\u00c9choppe est Belle<\/span><span>\u00a0<\/span>&#8211; Contact :<span>\u00a0<\/span><span class=\"ff_dynamic_value\" data-ref=\"e_mail_contact\" data-fallback=\"\">contact@lechoppeestbelle.fr<\/span><span>\u00a0<\/span><span class=\"ff_dynamic_value\" data-ref=\"telephone\" data-fallback=\"\">06 75 75 68 45<\/span><span>\u00a0<\/span>&#8211; Adresse :<span>\u00a0<\/span><span class=\"ff_dynamic_value\" data-ref=\"adresse_postale\" data-fallback=\"\">Grande Rue \u2013 21320 Ch\u00e2teauneuf<span>\u00a0<\/span><\/span>.<\/p>\n<p><strong>Identification de l&rsquo;entreprise :<\/strong><span>\u00a0<\/span><span class=\"ff_dynamic_value\" data-ref=\"forme_juridique\" data-fallback=\"\"><\/span><span class=\"ff_dynamic_value\" data-ref=\"nom_proprietaire\" data-fallback=\"\">L&rsquo;\u00c9choppe est Belle<\/span><span>\u00a0<\/span><span class=\"ff_dynamic_value\" data-ref=\"rcs\" data-fallback=\"\"><\/span>&#8211; Adresse postale :<span>\u00a0<\/span><span class=\"ff_dynamic_value\" data-ref=\"adresse_postale\" data-fallback=\"\">Grande Rue \u2013 21320 Ch\u00e2teauneuf<\/span><\/p>\n<p><strong>Directeur de la publication :<span>\u00a0<\/span><\/strong><span class=\"ff_dynamic_value\" data-ref=\"directeur_publication\" data-fallback=\"\">L&rsquo;\u00c9choppe est Belle<\/span><span>\u00a0<\/span>&#8211; Contact :<span>\u00a0<\/span><span class=\"ff_dynamic_value\" data-ref=\"contact_directeur\" data-fallback=\"\">06 75 75 68 45<\/span>.<\/p>\n<p><strong>H\u00e9bergeur :<\/strong><span>\u00a0<\/span><span class=\"ff_dynamic_value\" data-ref=\"hebergeur\" data-fallback=\"\">Infomaniak &#8211; Rue Eug\u00e8ne-Marziano 25, 1227 Gen\u00e8ve, Suisse &#8211; T\u00e9l\u00e9phone : +41.22.820.35.44<\/span><span class=\"ff_dynamic_value\" data-ref=\"nom_hebergeur\" data-fallback=\"\"><\/span><span class=\"ff_dynamic_value\" data-ref=\"adresse_hebergeur\" data-fallback=\"\"><\/span><span class=\"ff_dynamic_value\" data-ref=\"telephone_hebergeur\" data-fallback=\"\"><\/span><span class=\"ff_dynamic_value\" data-ref=\"contact_dpo\" data-fallback=\"\"><\/span><\/p>\n<p><strong>Autres contributeurs :<\/strong><span>\u00a0<\/span><a href=\"https:\/\/dl-c.fr\/\"><span class=\"ff_dynamic_value\" data-ref=\"autres_contributeurs\" data-fallback=\"\">DLC COMMUNICATION<\/span><\/a><\/p>\n<hr class=\"wp-block-separator\" \/>\n<h2><span id=\"lwptoc21\">2 &#8211; Propri\u00e9t\u00e9 intellectuelle et contrefa\u00e7ons.<\/span><\/h2>\n<p><strong><span class=\"ff_dynamic_value\" data-ref=\"nom_proprietaire\" data-fallback=\"\">L&rsquo;\u00c9choppe est Belle<\/span><\/strong><span>\u00a0<\/span>est propri\u00e9taire des droits de propri\u00e9t\u00e9 intellectuelle et d\u00e9tient les droits d\u2019usage sur tous les \u00e9l\u00e9ments accessibles sur le site internet, notamment les textes, images, graphismes, logos, vid\u00e9os, architecture, ic\u00f4nes et sons.<\/p>\n<p>Toute reproduction, repr\u00e9sentation, modification, publication, adaptation de tout ou partie des \u00e9l\u00e9ments du site, quel que soit le moyen ou le proc\u00e9d\u00e9 utilis\u00e9, est interdite, sauf autorisation \u00e9crite pr\u00e9alable de<span>\u00a0<\/span><strong><span class=\"ff_dynamic_value\" data-ref=\"nom_proprietaire\" data-fallback=\"\">L&rsquo;\u00c9choppe est Belle<\/span><\/strong>.<\/p>\n<p>Toute exploitation non autoris\u00e9e du site ou de l\u2019un quelconque des \u00e9l\u00e9ments qu\u2019il contient sera consid\u00e9r\u00e9e comme constitutive d\u2019une contrefa\u00e7on et poursuivie conform\u00e9ment aux dispositions des articles<span>\u00a0<\/span><a href=\"https:\/\/www.legifrance.gouv.fr\/affichCodeArticle.do?idArticle=LEGIARTI000032655082&amp;cidTexte=LEGITEXT000006069414&amp;dateTexte=20160605\" target=\"_blank\" rel=\"noreferrer nofollow noopener\">L.335-2 et suivants du Code de Propri\u00e9t\u00e9 Intellectuelle<\/a>.<\/p>\n<hr class=\"wp-block-separator\" \/>\n<h2><span id=\"lwptoc22\">3 &#8211; Limitations de responsabilit\u00e9.<\/span><\/h2>\n<p><strong><span class=\"ff_dynamic_value\" data-ref=\"nom_proprietaire\" data-fallback=\"\">L&rsquo;\u00c9choppe est Belle<\/span><\/strong><span>\u00a0<\/span>ne pourra \u00eatre tenu pour responsable des dommages directs et indirects caus\u00e9s au mat\u00e9riel de l\u2019utilisateur, lors de l\u2019acc\u00e8s au site<span>\u00a0<\/span><strong><span class=\"ff_dynamic_value\" data-ref=\"url\" data-fallback=\"\">https:\/\/lechoppeestbelle.fr\/<\/span><\/strong>.<\/p>\n<p><strong><span class=\"ff_dynamic_value\" data-ref=\"nom_proprietaire\" data-fallback=\"\">L&rsquo;\u00c9choppe est Belle<\/span><\/strong><span>\u00a0<\/span>d\u00e9cline toute responsabilit\u00e9 quant \u00e0 l\u2019utilisation qui pourrait \u00eatre faite des informations et contenus pr\u00e9sents sur<span>\u00a0<\/span><strong><span class=\"ff_dynamic_value\" data-ref=\"url\" data-fallback=\"\">https:\/\/lechoppeestbelle.fr\/<\/span><\/strong>.<\/p>\n<p><strong><span class=\"ff_dynamic_value\" data-ref=\"nom_proprietaire\" data-fallback=\"\">L&rsquo;\u00c9choppe est Belle<\/span><\/strong><span>\u00a0<\/span>s\u2019engage \u00e0 s\u00e9curiser au mieux le site<span>\u00a0<\/span><strong><span class=\"ff_dynamic_value\" data-ref=\"url\" data-fallback=\"\">https:\/\/lechoppeestbelle.fr\/<\/span><\/strong>, cependant sa responsabilit\u00e9 ne pourra \u00eatre mise en cause si des donn\u00e9es ind\u00e9sirables sont import\u00e9es et install\u00e9es sur son site \u00e0 son insu.<\/p>\n<p>Des espaces interactifs (espace contact ou commentaires) sont \u00e0 la disposition des utilisateurs.<span>\u00a0<\/span><strong><span class=\"ff_dynamic_value\" data-ref=\"nom_proprietaire\" data-fallback=\"\">L&rsquo;\u00c9choppe est Belle<\/span><\/strong><span>\u00a0<\/span>se r\u00e9serve le droit de supprimer, sans mise en demeure pr\u00e9alable, tout contenu d\u00e9pos\u00e9 dans cet espace qui contreviendrait \u00e0 la l\u00e9gislation applicable en France, en particulier aux dispositions relatives \u00e0 la protection des donn\u00e9es.<\/p>\n<p>Le cas \u00e9ch\u00e9ant,<span>\u00a0<\/span><strong><span class=\"ff_dynamic_value\" data-ref=\"nom_proprietaire\" data-fallback=\"\">L&rsquo;\u00c9choppe est Belle<\/span><\/strong><span>\u00a0<\/span>se r\u00e9serve \u00e9galement la possibilit\u00e9 de mettre en cause la responsabilit\u00e9 civile et\/ou p\u00e9nale de l\u2019utilisateur, notamment en cas de message \u00e0 caract\u00e8re raciste, injurieux, diffamant, ou pornographique, quel que soit le support utilis\u00e9 (texte, photographie \u2026).<\/p>\n<hr class=\"wp-block-separator\" \/>\n<h2><span id=\"lwptoc23\">4 &#8211; CNIL et gestion des donn\u00e9es personnelles.<\/span><\/h2>\n<p>Conform\u00e9ment aux dispositions de<span>\u00a0<\/span><a href=\"https:\/\/www.legifrance.gouv.fr\/affichTexte.do?cidTexte=JORFTEXT000000886460\" target=\"_blank\" rel=\"noreferrer nofollow noopener\">la loi 78-17 du 6 janvier 1978 modifi\u00e9e<\/a>, l\u2019utilisateur du site<span>\u00a0<\/span><strong><span class=\"ff_dynamic_value\" data-ref=\"url\" data-fallback=\"\">https:\/\/lechoppeestbelle.fr\/<\/span><\/strong><span>\u00a0<\/span>dispose d\u2019un droit d\u2019acc\u00e8s, de modification et de suppression des informations collect\u00e9es.\u00a0<\/p>\n<hr class=\"wp-block-separator\" \/>\n<h2><span id=\"lwptoc24\">5 &#8211; Liens hypertextes et cookies<\/span><\/h2>\n<p>Le site<span>\u00a0<\/span><strong><span class=\"ff_dynamic_value\" data-ref=\"url\" data-fallback=\"\">https:\/\/lechoppeestbelle.fr\/<\/span><\/strong><span>\u00a0<\/span>contient des liens hypertextes vers d\u2019autres sites et d\u00e9gage toute responsabilit\u00e9 \u00e0 propos de ces liens externes ou des liens cr\u00e9\u00e9s par d\u2019autres sites vers<span>\u00a0<\/span><strong><span class=\"ff_dynamic_value\" data-ref=\"url\" data-fallback=\"\">https:\/\/lechoppeestbelle.fr\/<\/span><\/strong>.<\/p>\n<p>La navigation sur le site<span>\u00a0<\/span><strong><span class=\"ff_dynamic_value\" data-ref=\"url\" data-fallback=\"\">https:\/\/lechoppeestbelle.fr\/<\/span><\/strong><span>\u00a0<\/span>est susceptible de provoquer l\u2019installation de cookie(s) sur l\u2019ordinateur de l\u2019utilisateur.<\/p>\n<p>Un \u00ab\u00a0cookie\u00a0\u00bb est un fichier de petite taille qui enregistre des informations relatives \u00e0 la navigation d\u2019un utilisateur sur un site. Les donn\u00e9es ainsi obtenues permettent d&rsquo;obtenir des mesures de fr\u00e9quentation, par exemple.<\/p>\n<p>Vous avez la possibilit\u00e9<span>\u00a0<\/span><strong>d\u2019accepter ou de refuser les cookies<\/strong><span>\u00a0<\/span>en modifiant les param\u00e8tres de votre navigateur. Aucun cookie ne sera d\u00e9pos\u00e9 sans votre consentement.<\/p>\n<hr class=\"wp-block-separator\" \/>\n<h2><span id=\"lwptoc25\">6 &#8211; Droit applicable et attribution de juridiction.<\/span><\/h2>\n<p>Tout litige en relation avec l\u2019utilisation du site<span>\u00a0<\/span><strong><span class=\"ff_dynamic_value\" data-ref=\"url\" data-fallback=\"\">https:\/\/lechoppeestbelle.fr\/<\/span><\/strong><span>\u00a0<\/span>est soumis au droit fran\u00e7ais.<\/p>\n<div class=\"wp-block-spacer\" aria-hidden=\"true\">\u00a0<\/div>\n<p>[\/et_pb_text][\/et_pb_column][\/et_pb_row][\/et_pb_section]<\/p>\n","protected":false},"excerpt":{"rendered":"<p>Mentions l\u00e9gales1 &#8211; \u00c9dition du site En vertu de\u00a0l&rsquo;article 6 de la loi n\u00b0 2004-575 du 21 juin 2004\u00a0pour la confiance dans l&rsquo;\u00e9conomie num\u00e9rique, il est pr\u00e9cis\u00e9 aux utilisateurs du site internet\u00a0https:\/\/lechoppeestbelle.fr\/\u00a0l&rsquo;identit\u00e9 des diff\u00e9rents intervenants dans le cadre de sa r\u00e9alisation et de son suivi: Propri\u00e9taire du site :\u00a0L&rsquo;\u00c9choppe est Belle\u00a0&#8211; Contact :\u00a0contact@lechoppeestbelle.fr\u00a006 75 75 [&hellip;]<\/p>\n","protected":false},"author":1,"featured_media":0,"parent":0,"menu_order":0,"comment_status":"closed","ping_status":"closed","template":"","meta":{"_et_pb_use_builder":"on","_et_pb_old_content":"","_et_gb_content_width":"","footnotes":""},"class_list":["post-229280","page","type-page","status-publish","hentry"],"_links":{"self":[{"href":"https:\/\/lechoppeestbelle.fr\/en\/wp-json\/wp\/v2\/pages\/229280","targetHints":{"allow":["GET"]}}],"collection":[{"href":"https:\/\/lechoppeestbelle.fr\/en\/wp-json\/wp\/v2\/pages"}],"about":[{"href":"https:\/\/lechoppeestbelle.fr\/en\/wp-json\/wp\/v2\/types\/page"}],"author":[{"embeddable":true,"href":"https:\/\/lechoppeestbelle.fr\/en\/wp-json\/wp\/v2\/users\/1"}],"replies":[{"embeddable":true,"href":"https:\/\/lechoppeestbelle.fr\/en\/wp-json\/wp\/v2\/comments?post=229280"}],"version-history":[{"count":0,"href":"https:\/\/lechoppeestbelle.fr\/en\/wp-json\/wp\/v2\/pages\/229280\/revisions"}],"wp:attachment":[{"href":"https:\/\/lechoppeestbelle.fr\/en\/wp-json\/wp\/v2\/media?parent=229280"}],"curies":[{"name":"wp","href":"https:\/\/api.w.org\/{rel}","templated":true}]}}